{"id":5730,"date":"2023-03-15T11:03:01","date_gmt":"2023-03-15T10:03:01","guid":{"rendered":"https:\/\/www.futuredealer.be\/car-detail-professional-lease\/"},"modified":"2023-03-15T11:03:01","modified_gmt":"2023-03-15T10:03:01","slug":"car-detail-professional-lease","status":"publish","type":"page","link":"https:\/\/www.futuredealer.be\/fr\/car-detail-professional-lease\/","title":{"rendered":"Car Detail Professional lease"},"content":{"rendered":"\n<p>\t<div id=\"car-details\" class=\"api-plugin\" data-function-code=0448a466-43c7-45ce-9196-f727c40ab44d> <\/div><\/p>\n\n\t<section class=\"section dark\" id=\"section_1368251728\">\n\t\t<div class=\"bg section-bg fill bg-fill  bg-loaded\" >\n\n\t\t\t\n\t\t\t\n\t\t\t\n\n\t\t<\/div>\n\n\t\t\n\n\t\t<div class=\"section-content relative\">\n\t\t\t\n\n<div class=\"row align-middle\"  id=\"row-491082256\">\n\n\n\t<div id=\"col-246348632\" class=\"col medium-2 small-12 large-2\"  >\n\t\t\t\t<div class=\"col-inner\"  >\n\t\t\t\n\t\t\t\n\n\t<div class=\"img has-hover border-radius-100 x md-x lg-x y md-y lg-y\" id=\"image_993709793\">\n\t\t\t\t\t\t\t\t<div class=\"img-inner dark\" >\n\t\t\t<img loading=\"lazy\" decoding=\"async\" width=\"176\" height=\"176\" src=\"https:\/\/www.futuredealer.be\/wp-content\/uploads\/2022\/04\/car-agent.png\" class=\"attachment-large size-large\" alt=\"\" srcset=\"https:\/\/www.futuredealer.be\/wp-content\/uploads\/2022\/04\/car-agent.png 176w, https:\/\/www.futuredealer.be\/wp-content\/uploads\/2022\/04\/car-agent-150x150.png 150w\" sizes=\"auto, (max-width: 176px) 100vw, 176px\" \/>\t\t\t\t\t\t\n\t\t\t\t\t<\/div>\n\t\t\t\t\t\t\t\t\n<style>\n#image_993709793 {\n  width: 100%;\n}\n<\/style>\n\t<\/div>\n\t\n\n\n\t\t<\/div>\n\t\t\t\t\t<\/div>\n\n\t\n\n\t<div id=\"col-2042331120\" class=\"col medium-10 small-12 large-10\"  >\n\t\t\t\t<div class=\"col-inner\"  >\n\t\t\t\n\t\t\t\n\n<h2>Vous n'avez pas trouv\u00e9 ce que vous cherchiez? Nous cherchons pour vous!<\/h2>\n<p>Faites-nous part de vos souhaits \u00e0 notre Car Agent. Nous recherchons ensuite sur notre r\u00e9seau le v\u00e9hicule qui vous correspond le mieux.<\/p>\n<a href=\"https:\/\/www.futuredealer.be\/fr\/car-agent\/\" target=\"_self\" class=\"button success mr-0\"  style=\"border-radius:99px;\">\n    <span>UTILISEZ LE CAR AGENT<\/span>\n  <\/a>\n\n\n\n\t\t<\/div>\n\t\t\t\t\t<\/div>\n\n\t\n\n\n<style>\n#row-491082256 > .col > .col-inner {\n  padding: 15px 0px 0px 0px;\n}\n<\/style>\n<\/div>\n\n\t\t<\/div>\n\n\t\t\n<style>\n#section_1368251728 {\n  padding-top: 30px;\n  padding-bottom: 30px;\n  background-color: rgb(34, 42, 51);\n}\n#section_1368251728 .ux-shape-divider--top svg {\n  height: 150px;\n  --divider-top-width: 100%;\n}\n#section_1368251728 .ux-shape-divider--bottom svg {\n  height: 150px;\n  --divider-width: 100%;\n}\n<\/style>\n\t<\/section>\n\t\n\n\t<section class=\"section bg-secondary-color dark\" id=\"section_928071014\">\n\t\t<div class=\"bg section-bg fill bg-fill  bg-loaded\" >\n\n\t\t\t\n\t\t\t\n\t\t\t\n\n\t\t<\/div>\n\n\t\t\n\n\t\t<div class=\"section-content relative\">\n\t\t\t\n\n\t<section class=\"section bg-secondary-color dark\" id=\"section_1349977171\">\n\t\t<div class=\"bg section-bg fill bg-fill  bg-loaded\" >\n\n\t\t\t\n\t\t\t\n\t\t\t\n\n\t\t<\/div>\n\n\t\t\n\n\t\t<div class=\"section-content relative\">\n\t\t\t\n\n<div class=\"row align-middle\"  id=\"row-289288928\">\n\n\n\t<div id=\"col-567367129\" class=\"col small-12 large-12\"  >\n\t\t\t\t<div class=\"col-inner\"  >\n\t\t\t\n\t\t\t\n\n\t<div id=\"text-1095061544\" class=\"text\">\n\t\t\n\n<h2>Estimez le prix de votre v\u00e9hicule en ligne!<\/h2>\n\t\t\n<style>\n#text-1095061544 {\n  text-align: center;\n  color: rgb(255,255,255);\n}\n#text-1095061544 > * {\n  color: rgb(255,255,255);\n}\n<\/style>\n\t<\/div>\n\t\n\t<div id=\"text-1511700071\" class=\"text\">\n\t\t\n\n<p>Nous vous garantissons une reprise claire, transparente et s\u00e9curis\u00e9e.<\/p>\n\t\t\n<style>\n#text-1511700071 {\n  text-align: center;\n  color: rgb(255,255,255);\n}\n#text-1511700071 > * {\n  color: rgb(255,255,255);\n}\n<\/style>\n\t<\/div>\n\t\n\t<div id=\"text-908677681\" class=\"text\">\n\t\t\n\n\t<div id=\"trade-in\" class=\"api-plugin\" data-function-code=a2a60c00-be2e-4bb9-bd29-64381f20aee4> <\/div>\n\t\t\n<style>\n#text-908677681 {\n  text-align: center;\n}\n<\/style>\n\t<\/div>\n\t\n\t<div id=\"text-3634078642\" class=\"text hidden\">\n\t\t\n\n\t<div id=\"trade-in-form\" class=\"api-plugin\" data-function-code=72c0e5ed-5f7d-48d9-bf9f-a7cb72ef6e6c> <\/div>\n\t\t\n<style>\n#text-3634078642 {\n  text-align: center;\n}\n<\/style>\n\t<\/div>\n\t\n\n\t\t<\/div>\n\t\t\t\t\t<\/div>\n\n\t\n\n\n<style>\n#row-289288928 > .col > .col-inner {\n  padding: 45px 5px 0px 5px;\n}\n<\/style>\n<\/div>\n\n\t\t<\/div>\n\n\t\t\n<style>\n#section_1349977171 {\n  padding-top: 0px;\n  padding-bottom: 0px;\n}\n#section_1349977171 .ux-shape-divider--top svg {\n  height: 150px;\n  --divider-top-width: 100%;\n}\n#section_1349977171 .ux-shape-divider--bottom svg {\n  height: 150px;\n  --divider-width: 100%;\n}\n<\/style>\n\t<\/section>\n\t\n\n\n\t\t<\/div>\n\n\t\t\n<style>\n#section_928071014 {\n  padding-top: 30px;\n  padding-bottom: 30px;\n}\n#section_928071014 .ux-shape-divider--top svg {\n  height: 150px;\n  --divider-top-width: 100%;\n}\n#section_928071014 .ux-shape-divider--bottom svg {\n  height: 150px;\n  --divider-width: 100%;\n}\n<\/style>\n\t<\/section>\n\t\n<div class=\"legalTextContainer\" id=\"legalTextContainer\">\n<div class=\"container\">\n<p class=\"legalText\">\nAttention, emprunter de l'argent co\u00fbte aussi de l'argent.<\/p>\n<div class=\"hideLegalText\" onclick=\"document.getElementById('legalTextContainer').style.display='none';\">OK\n<\/div>\n<\/div>\n<\/div>\n","protected":false},"excerpt":{"rendered":"","protected":false},"author":15,"featured_media":0,"parent":0,"menu_order":0,"comment_status":"closed","ping_status":"closed","template":"","meta":{"_acf_changed":false,"_monsterinsights_skip_tracking":false,"_monsterinsights_sitenote_active":false,"_monsterinsights_sitenote_note":"","_monsterinsights_sitenote_category":0,"footnotes":""},"class_list":["post-5730","page","type-page","status-publish","hentry"],"acf":[],"yoast_head":"<!-- This site is optimized with the Yoast SEO plugin v22.2 - https:\/\/yoast.com\/wordpress\/plugins\/seo\/ -->\n<title>Car Detail Professional lease - Future Dealer BE<\/title>\n<meta name=\"robots\" content=\"noindex, follow, max-snippet:-1, max-image-preview:large, max-video-preview:-1\" \/>\n<meta property=\"og:locale\" content=\"fr_FR\" \/>\n<meta property=\"og:type\" content=\"article\" \/>\n<meta property=\"og:title\" content=\"Car Detail Professional lease - Future Dealer BE\" \/>\n<meta property=\"og:url\" content=\"https:\/\/www.futuredealer.be\/fr\/car-detail-professional-lease\/\" \/>\n<meta property=\"og:site_name\" content=\"Future Dealer BE\" \/>\n<meta name=\"twitter:card\" content=\"summary_large_image\" \/>\n<script type=\"application\/ld+json\" class=\"yoast-schema-graph\">{\"@context\":\"https:\/\/schema.org\",\"@graph\":[{\"@type\":\"WebPage\",\"@id\":\"https:\/\/www.futuredealer.be\/fr\/car-detail-professional-lease\/\",\"url\":\"https:\/\/www.futuredealer.be\/fr\/car-detail-professional-lease\/\",\"name\":\"Car Detail Professional lease - Future Dealer BE\",\"isPartOf\":{\"@id\":\"https:\/\/www.futuredealer.be\/fr\/#website\"},\"datePublished\":\"2023-03-15T10:03:01+00:00\",\"dateModified\":\"2023-03-15T10:03:01+00:00\",\"breadcrumb\":{\"@id\":\"https:\/\/www.futuredealer.be\/fr\/car-detail-professional-lease\/#breadcrumb\"},\"inLanguage\":\"fr-BE\",\"potentialAction\":[{\"@type\":\"ReadAction\",\"target\":[\"https:\/\/www.futuredealer.be\/fr\/car-detail-professional-lease\/\"]}]},{\"@type\":\"BreadcrumbList\",\"@id\":\"https:\/\/www.futuredealer.be\/fr\/car-detail-professional-lease\/#breadcrumb\",\"itemListElement\":[{\"@type\":\"ListItem\",\"position\":1,\"name\":\"Home\",\"item\":\"https:\/\/www.futuredealer.be\/fr\/\"},{\"@type\":\"ListItem\",\"position\":2,\"name\":\"Car Detail Professional lease\"}]},{\"@type\":\"WebSite\",\"@id\":\"https:\/\/www.futuredealer.be\/fr\/#website\",\"url\":\"https:\/\/www.futuredealer.be\/fr\/\",\"name\":\"Future Dealer BE\",\"description\":\"\",\"potentialAction\":[{\"@type\":\"SearchAction\",\"target\":{\"@type\":\"EntryPoint\",\"urlTemplate\":\"https:\/\/www.futuredealer.be\/fr\/?s={search_term_string}\"},\"query-input\":\"required name=search_term_string\"}],\"inLanguage\":\"fr-BE\"}]}<\/script>\n<!-- \/ Yoast SEO plugin. -->","yoast_head_json":{"title":"Car Detail Professional lease - Future Dealer BE","robots":{"index":"noindex","follow":"follow","max-snippet":"max-snippet:-1","max-image-preview":"max-image-preview:large","max-video-preview":"max-video-preview:-1"},"og_locale":"fr_FR","og_type":"article","og_title":"Car Detail Professional lease - Future Dealer BE","og_url":"https:\/\/www.futuredealer.be\/fr\/car-detail-professional-lease\/","og_site_name":"Future Dealer BE","twitter_card":"summary_large_image","schema":{"@context":"https:\/\/schema.org","@graph":[{"@type":"WebPage","@id":"https:\/\/www.futuredealer.be\/fr\/car-detail-professional-lease\/","url":"https:\/\/www.futuredealer.be\/fr\/car-detail-professional-lease\/","name":"Car Detail Professional lease - Future Dealer BE","isPartOf":{"@id":"https:\/\/www.futuredealer.be\/fr\/#website"},"datePublished":"2023-03-15T10:03:01+00:00","dateModified":"2023-03-15T10:03:01+00:00","breadcrumb":{"@id":"https:\/\/www.futuredealer.be\/fr\/car-detail-professional-lease\/#breadcrumb"},"inLanguage":"fr-BE","potentialAction":[{"@type":"ReadAction","target":["https:\/\/www.futuredealer.be\/fr\/car-detail-professional-lease\/"]}]},{"@type":"BreadcrumbList","@id":"https:\/\/www.futuredealer.be\/fr\/car-detail-professional-lease\/#breadcrumb","itemListElement":[{"@type":"ListItem","position":1,"name":"Home","item":"https:\/\/www.futuredealer.be\/fr\/"},{"@type":"ListItem","position":2,"name":"Car Detail Professional lease"}]},{"@type":"WebSite","@id":"https:\/\/www.futuredealer.be\/fr\/#website","url":"https:\/\/www.futuredealer.be\/fr\/","name":"Future Dealer BE","description":"","potentialAction":[{"@type":"SearchAction","target":{"@type":"EntryPoint","urlTemplate":"https:\/\/www.futuredealer.be\/fr\/?s={search_term_string}"},"query-input":"required name=search_term_string"}],"inLanguage":"fr-BE"}]}},"_links":{"self":[{"href":"https:\/\/www.futuredealer.be\/fr\/wp-json\/wp\/v2\/pages\/5730","targetHints":{"allow":["GET"]}}],"collection":[{"href":"https:\/\/www.futuredealer.be\/fr\/wp-json\/wp\/v2\/pages"}],"about":[{"href":"https:\/\/www.futuredealer.be\/fr\/wp-json\/wp\/v2\/types\/page"}],"author":[{"embeddable":true,"href":"https:\/\/www.futuredealer.be\/fr\/wp-json\/wp\/v2\/users\/15"}],"replies":[{"embeddable":true,"href":"https:\/\/www.futuredealer.be\/fr\/wp-json\/wp\/v2\/comments?post=5730"}],"version-history":[{"count":3,"href":"https:\/\/www.futuredealer.be\/fr\/wp-json\/wp\/v2\/pages\/5730\/revisions"}],"predecessor-version":[{"id":5733,"href":"https:\/\/www.futuredealer.be\/fr\/wp-json\/wp\/v2\/pages\/5730\/revisions\/5733"}],"wp:attachment":[{"href":"https:\/\/www.futuredealer.be\/fr\/wp-json\/wp\/v2\/media?parent=5730"}],"curies":[{"name":"wp","href":"https:\/\/api.w.org\/{rel}","templated":true}]}}