{"id":4388,"date":"2022-05-25T12:47:27","date_gmt":"2022-05-25T10:47:27","guid":{"rendered":"https:\/\/www.futuredealer.be\/sitemap\/"},"modified":"2022-05-25T12:47:28","modified_gmt":"2022-05-25T10:47:28","slug":"sitemap","status":"publish","type":"page","link":"https:\/\/www.futuredealer.be\/fr\/sitemap\/","title":{"rendered":"Sitemap"},"content":{"rendered":"\n<div class=\"wp-block-columns is-layout-flex wp-container-core-columns-is-layout-9d6595d7 wp-block-columns-is-layout-flex\">\n<div class=\"wp-block-column row is-layout-flow wp-block-column-is-layout-flow\" style=\"flex-basis:1150px\">\n<div class=\"wp-block-columns is-layout-flex wp-container-core-columns-is-layout-9d6595d7 wp-block-columns-is-layout-flex\">\n<div class=\"wp-block-column col large-12 is-layout-flow wp-block-column-is-layout-flow\"><div id=\"simple-sitemap-container-69d7271f776d8\" class=\"simple-sitemap-container simple-sitemap-container-69d7271f776d8 tab-disabled\"><div class=\"simple-sitemap-wrap\"><h3 class=\"post-type\">Pages<\/h3><ul class=\"simple-sitemap-page main\"><li class=\"sitemap-item page_item page-item-1246 page_item_has_children\"><a href=\"https:\/\/www.futuredealer.be\/fr\/acheter-une-voiture\/\">Acheter<\/a>\n<ul class='children'>\n\t<li class=\"sitemap-item page_item page-item-4284\"><a href=\"https:\/\/www.futuredealer.be\/fr\/acheter-une-voiture\/monovolume\/\">Monovolume<\/a><\/li>\n<\/ul>\n<\/li>\n<li class=\"sitemap-item page_item page-item-5468\"><a href=\"https:\/\/www.futuredealer.be\/fr\/private-lease\/\">Acheter-Private Lease<\/a><\/li>\n<li class=\"sitemap-item page_item page-item-4249\"><a href=\"https:\/\/www.futuredealer.be\/fr\/car-agent\/\">Car Agent<\/a><\/li>\n<li class=\"sitemap-item page_item page-item-5476\"><a href=\"https:\/\/www.futuredealer.be\/fr\/car-detail-private-lease\/\">Car Detail Private lease<\/a><\/li>\n<li class=\"sitemap-item page_item page-item-5730\"><a href=\"https:\/\/www.futuredealer.be\/fr\/car-detail-professional-lease\/\">Car Detail Professional lease<\/a><\/li>\n<li class=\"sitemap-item page_item page-item-1277\"><a href=\"https:\/\/www.futuredealer.be\/fr\/comparez\/\">Comparer<\/a><\/li>\n<li class=\"sitemap-item page_item page-item-4962\"><a href=\"https:\/\/www.futuredealer.be\/fr\/conditions-de-reservation\/\">Conditions de r\u00e9servation<\/a><\/li>\n<li class=\"sitemap-item page_item page-item-4340\"><a href=\"https:\/\/www.futuredealer.be\/fr\/confidentialite\/\">Confidentialit\u00e9<\/a><\/li>\n<li class=\"sitemap-item page_item page-item-4352\"><a href=\"https:\/\/www.futuredealer.be\/fr\/contact\/\">Contact<\/a><\/li>\n<li class=\"sitemap-item page_item page-item-4265\"><a href=\"https:\/\/www.futuredealer.be\/fr\/cookies\/\">Cookies<\/a><\/li>\n<li class=\"sitemap-item page_item page-item-5347\"><a href=\"https:\/\/www.futuredealer.be\/fr\/example-stock-content\/\">Example stock\/content<\/a><\/li>\n<li class=\"sitemap-item page_item page-item-4354\"><a href=\"https:\/\/www.futuredealer.be\/fr\/formulaire-de-produit\/\">Formulaire de produit<\/a><\/li>\n<li class=\"sitemap-item page_item page-item-1473\"><a href=\"https:\/\/www.futuredealer.be\/fr\/\">Home<\/a><\/li>\n<li class=\"sitemap-item page_item page-item-4233\"><a href=\"https:\/\/www.futuredealer.be\/fr\/informations-legales\/\">Informations l\u00e9gales<\/a><\/li>\n<li class=\"sitemap-item page_item page-item-4241\"><a href=\"https:\/\/www.futuredealer.be\/fr\/merci\/\">Merci!<\/a><\/li>\n<li class=\"sitemap-item page_item page-item-5279\"><a href=\"https:\/\/www.futuredealer.be\/fr\/mini\/\">MINI<\/a><\/li>\n<li class=\"sitemap-item page_item page-item-4310 page_item_has_children\"><a href=\"https:\/\/www.futuredealer.be\/fr\/nos-services\/\">Nos services<\/a>\n<ul class='children'>\n\t<li class=\"sitemap-item page_item page-item-4991\"><a href=\"https:\/\/www.futuredealer.be\/fr\/nos-services\/location-de-voiture\/\">Location de voiture<\/a><\/li>\n\t<li class=\"sitemap-item page_item page-item-4980\"><a href=\"https:\/\/www.futuredealer.be\/fr\/nos-services\/steps\/\">Steps<\/a><\/li>\n<\/ul>\n<\/li>\n<li class=\"sitemap-item page_item page-item-4296\"><a href=\"https:\/\/www.futuredealer.be\/fr\/prenez-rendez-vous\/\">Prenez rendez-vous<\/a><\/li>\n<li class=\"sitemap-item page_item page-item-5690\"><a href=\"https:\/\/www.futuredealer.be\/fr\/professional-lease\/\">Professional Lease<\/a><\/li>\n<li class=\"sitemap-item page_item page-item-4997\"><a href=\"https:\/\/www.futuredealer.be\/fr\/a-propos-de-nous\/\">Qui sommes-nous?<\/a><\/li>\n<li class=\"sitemap-item page_item page-item-4958\"><a href=\"https:\/\/www.futuredealer.be\/fr\/reservation-merci\/\">R\u00e9servation Merci<\/a><\/li>\n<li class=\"sitemap-item page_item page-item-4388\"><a href=\"https:\/\/www.futuredealer.be\/fr\/sitemap\/\">Sitemap<\/a><\/li>\n<li class=\"sitemap-item page_item page-item-4396\"><a href=\"https:\/\/www.futuredealer.be\/fr\/scoring\/\">Trade-in<\/a><\/li>\n<li class=\"sitemap-item page_item page-item-1243\"><a href=\"https:\/\/www.futuredealer.be\/fr\/detail\/\">V\u00e9hicules \u00e0 vendre &#8211; Informations d\u00e9taill\u00e9es<\/a><\/li>\n<li class=\"sitemap-item page_item page-item-4421\"><a href=\"https:\/\/www.futuredealer.be\/fr\/vendre\/\">Vendre<\/a><\/li>\n<li class=\"sitemap-item page_item page-item-4378\"><a href=\"https:\/\/www.futuredealer.be\/fr\/voitures-promo\/\">Voitures promo<\/a><\/li>\n<\/ul><\/div><\/div><br style=\"clear: both;\"><\/div>\n<\/div>\n<\/div>\n<\/div>\n","protected":false},"excerpt":{"rendered":"","protected":false},"author":3,"featured_media":0,"parent":0,"menu_order":0,"comment_status":"closed","ping_status":"closed","template":"","meta":{"_acf_changed":false,"_monsterinsights_skip_tracking":false,"_monsterinsights_sitenote_active":false,"_monsterinsights_sitenote_note":"","_monsterinsights_sitenote_category":0,"footnotes":""},"class_list":["post-4388","page","type-page","status-publish","hentry"],"acf":[],"yoast_head":"<!-- This site is optimized with the Yoast SEO plugin v22.2 - https:\/\/yoast.com\/wordpress\/plugins\/seo\/ -->\n<title>Sitemap - Future Dealer BE<\/title>\n<meta name=\"robots\" content=\"noindex, follow, max-snippet:-1, max-image-preview:large, max-video-preview:-1\" \/>\n<meta property=\"og:locale\" content=\"fr_FR\" \/>\n<meta property=\"og:type\" content=\"article\" \/>\n<meta property=\"og:title\" content=\"Sitemap - Future Dealer BE\" \/>\n<meta property=\"og:url\" content=\"https:\/\/www.futuredealer.be\/fr\/sitemap\/\" \/>\n<meta property=\"og:site_name\" content=\"Future Dealer BE\" \/>\n<meta property=\"article:modified_time\" content=\"2022-05-25T10:47:28+00:00\" \/>\n<meta name=\"twitter:card\" content=\"summary_large_image\" \/>\n<script type=\"application\/ld+json\" class=\"yoast-schema-graph\">{\"@context\":\"https:\/\/schema.org\",\"@graph\":[{\"@type\":\"WebPage\",\"@id\":\"https:\/\/www.futuredealer.be\/fr\/sitemap\/\",\"url\":\"https:\/\/www.futuredealer.be\/fr\/sitemap\/\",\"name\":\"Sitemap - Future Dealer BE\",\"isPartOf\":{\"@id\":\"https:\/\/www.futuredealer.be\/fr\/#website\"},\"datePublished\":\"2022-05-25T10:47:27+00:00\",\"dateModified\":\"2022-05-25T10:47:28+00:00\",\"breadcrumb\":{\"@id\":\"https:\/\/www.futuredealer.be\/fr\/sitemap\/#breadcrumb\"},\"inLanguage\":\"fr-BE\",\"potentialAction\":[{\"@type\":\"ReadAction\",\"target\":[\"https:\/\/www.futuredealer.be\/fr\/sitemap\/\"]}]},{\"@type\":\"BreadcrumbList\",\"@id\":\"https:\/\/www.futuredealer.be\/fr\/sitemap\/#breadcrumb\",\"itemListElement\":[{\"@type\":\"ListItem\",\"position\":1,\"name\":\"Home\",\"item\":\"https:\/\/www.futuredealer.be\/fr\/\"},{\"@type\":\"ListItem\",\"position\":2,\"name\":\"Sitemap\"}]},{\"@type\":\"WebSite\",\"@id\":\"https:\/\/www.futuredealer.be\/fr\/#website\",\"url\":\"https:\/\/www.futuredealer.be\/fr\/\",\"name\":\"Future Dealer BE\",\"description\":\"\",\"potentialAction\":[{\"@type\":\"SearchAction\",\"target\":{\"@type\":\"EntryPoint\",\"urlTemplate\":\"https:\/\/www.futuredealer.be\/fr\/?s={search_term_string}\"},\"query-input\":\"required name=search_term_string\"}],\"inLanguage\":\"fr-BE\"}]}<\/script>\n<!-- \/ Yoast SEO plugin. -->","yoast_head_json":{"title":"Sitemap - Future Dealer BE","robots":{"index":"noindex","follow":"follow","max-snippet":"max-snippet:-1","max-image-preview":"max-image-preview:large","max-video-preview":"max-video-preview:-1"},"og_locale":"fr_FR","og_type":"article","og_title":"Sitemap - Future Dealer BE","og_url":"https:\/\/www.futuredealer.be\/fr\/sitemap\/","og_site_name":"Future Dealer BE","article_modified_time":"2022-05-25T10:47:28+00:00","twitter_card":"summary_large_image","schema":{"@context":"https:\/\/schema.org","@graph":[{"@type":"WebPage","@id":"https:\/\/www.futuredealer.be\/fr\/sitemap\/","url":"https:\/\/www.futuredealer.be\/fr\/sitemap\/","name":"Sitemap - Future Dealer BE","isPartOf":{"@id":"https:\/\/www.futuredealer.be\/fr\/#website"},"datePublished":"2022-05-25T10:47:27+00:00","dateModified":"2022-05-25T10:47:28+00:00","breadcrumb":{"@id":"https:\/\/www.futuredealer.be\/fr\/sitemap\/#breadcrumb"},"inLanguage":"fr-BE","potentialAction":[{"@type":"ReadAction","target":["https:\/\/www.futuredealer.be\/fr\/sitemap\/"]}]},{"@type":"BreadcrumbList","@id":"https:\/\/www.futuredealer.be\/fr\/sitemap\/#breadcrumb","itemListElement":[{"@type":"ListItem","position":1,"name":"Home","item":"https:\/\/www.futuredealer.be\/fr\/"},{"@type":"ListItem","position":2,"name":"Sitemap"}]},{"@type":"WebSite","@id":"https:\/\/www.futuredealer.be\/fr\/#website","url":"https:\/\/www.futuredealer.be\/fr\/","name":"Future Dealer BE","description":"","potentialAction":[{"@type":"SearchAction","target":{"@type":"EntryPoint","urlTemplate":"https:\/\/www.futuredealer.be\/fr\/?s={search_term_string}"},"query-input":"required name=search_term_string"}],"inLanguage":"fr-BE"}]}},"_links":{"self":[{"href":"https:\/\/www.futuredealer.be\/fr\/wp-json\/wp\/v2\/pages\/4388","targetHints":{"allow":["GET"]}}],"collection":[{"href":"https:\/\/www.futuredealer.be\/fr\/wp-json\/wp\/v2\/pages"}],"about":[{"href":"https:\/\/www.futuredealer.be\/fr\/wp-json\/wp\/v2\/types\/page"}],"author":[{"embeddable":true,"href":"https:\/\/www.futuredealer.be\/fr\/wp-json\/wp\/v2\/users\/3"}],"replies":[{"embeddable":true,"href":"https:\/\/www.futuredealer.be\/fr\/wp-json\/wp\/v2\/comments?post=4388"}],"version-history":[{"count":0,"href":"https:\/\/www.futuredealer.be\/fr\/wp-json\/wp\/v2\/pages\/4388\/revisions"}],"wp:attachment":[{"href":"https:\/\/www.futuredealer.be\/fr\/wp-json\/wp\/v2\/media?parent=4388"}],"curies":[{"name":"wp","href":"https:\/\/api.w.org\/{rel}","templated":true}]}}