{"id":4233,"date":"2022-05-25T12:05:00","date_gmt":"2022-05-25T10:05:00","guid":{"rendered":"https:\/\/www.futuredealer.be\/informations-legales\/"},"modified":"2022-12-29T10:35:50","modified_gmt":"2022-12-29T09:35:50","slug":"informations-legales","status":"publish","type":"page","link":"https:\/\/www.futuredealer.be\/fr\/informations-legales\/","title":{"rendered":"Informations l\u00e9gales"},"content":{"rendered":"\n\t<section class=\"section\" id=\"section_424815567\">\n\t\t<div class=\"bg section-bg fill bg-fill  bg-loaded\" >\n\n\t\t\t\n\t\t\t\n\t\t\t\n\n\t\t<\/div>\n\n\t\t\n\n\t\t<div class=\"section-content relative\">\n\t\t\t\n\n<div class=\"row\"  id=\"row-1261930817\">\n\n\n\t<div id=\"col-1878711108\" class=\"col small-12 large-12\"  >\n\t\t\t\t<div class=\"col-inner\"  >\n\t\t\t\n\t\t\t\n\n\t<div id=\"text-1377311782\" class=\"text\">\n\t\t\n\n<h1>Informations l\u00e9gales<\/h1>\n\t\t\n<style>\n#text-1377311782 {\n  text-align: center;\n}\n<\/style>\n\t<\/div>\n\t\n\t<div id=\"text-614148775\" class=\"text\">\n\t\t\n\n<p>Ce site Web \u00ab Future Dealer BE\u00bb vous est propos\u00e9 \u00e0 vous, l&#8217;utilisateur (\u00abUtilisateur\u00bb) \u00e0 condition que vous acceptiez les termes et conditions et les avis contenus dans les pr\u00e9sentes sans modification. Future Dealer BE est libre de modifier le contenu ou la conception de ce site Web ou d&#8217;interrompre la disponibilit\u00e9 de ce site Web \u00e0 sa seule discr\u00e9tion et sans pr\u00e9avis. Votre acc\u00e8s et votre utilisation de ce site Web constituent une acceptation de tous ces termes et conditions.<\/p>\n<p>Utilisation du site Web. L&#8217;utilisateur accepte d&#8217;utiliser ce site Web comme le permettent les lois locales, \u00e9tatiques et f\u00e9d\u00e9rales applicables. En plus, l&#8217;Utilisateur s&#8217;engage \u00e0:<\/p>\n<ol>\n<li>De mani\u00e8re non intentionnelle et sans autorisation, de modifier, endommager ou d\u00e9truire le syst\u00e8me informatique, le r\u00e9seau, le logiciel, le programme, la documentation ou les donn\u00e9es de ce site Web, appartenant \u00e0 \u00ab Future Dealer BE \u00bb ou \u00e0 un autre utilisateur ;<\/li>\n<li>Ne pas utiliser ce site Web pour effectuer ou tenter d\u2019ex\u00e9cuter toute entreprise ou activit\u00e9 interdite par la loi ou pour induire l\u2019ex\u00e9cution de toute activit\u00e9 interdite par la loi. Toute action de l&#8217;utilisateur qui rend l&#8217;acc\u00e8s \u00e0 ce site Web impossible pour d&#8217;autres utilisateurs ou pour le \u00ab futur revendeur \u00bb est consid\u00e9r\u00e9e comme une utilisation non autoris\u00e9e.<\/li>\n<\/ol>\n\t\t\n<style>\n#text-614148775 {\n  text-align: left;\n}\n<\/style>\n\t<\/div>\n\t\n\t<div id=\"text-3138710335\" class=\"text\">\n\t\t\n\n<h4>Contr\u00f4le d&#8217;utilisation<\/h4>\n\t\t\n<style>\n#text-3138710335 {\n  text-align: left;\n}\n<\/style>\n\t<\/div>\n\t\n\t<div id=\"text-3984641136\" class=\"text\">\n\t\t\n\n<p>En utilisant ce syst\u00e8me, l&#8217;Utilisateur accepte express\u00e9ment qu&#8217;il puisse \u00eatre contr\u00f4l\u00e9 par l&#8217;exploitant du site \u00e0 tout moment. L&#8217;Utilisateur est \u00e9galement inform\u00e9 que les administrateurs syst\u00e8me peuvent fournir aux responsables de l&#8217;application de la loi les preuves d&#8217;une \u00e9ventuelle activit\u00e9 criminelle identifi\u00e9e lors de cette v\u00e9rification. Si l&#8217;Utilisateur n&#8217;accepte pas ce contr\u00f4le, il doit quitter le syst\u00e8me imm\u00e9diatement.<\/p>\n\t\t\n<style>\n#text-3984641136 {\n  text-align: left;\n}\n<\/style>\n\t<\/div>\n\t\n\t<div id=\"text-3600535510\" class=\"text\">\n\t\t\n\n<h4>Renoncer<\/h4>\n\t\t\n<style>\n#text-3600535510 {\n  text-align: left;\n}\n<\/style>\n\t<\/div>\n\t\n\t<div id=\"text-3856767089\" class=\"text\">\n\t\t\n\nFuture Dealer BE a fait tout son possible pour que les informations sur ce site Web soient aussi r\u00e9centes, correctes et claires que possible. N\u00e9anmoins, il est possible que les informations indiqu\u00e9es contiennent des erreurs. &#8220; Future Dealer BE &#8221; d\u00e9cline, en particulier mais sans limitation aucune partie du pr\u00e9sent Contrat, toute responsabilit\u00e9 pour les erreurs involontaires et l&#8217;exactitude de toute actualit\u00e9, information financi\u00e8re, donn\u00e9e ou autre information pouvant \u00eatre incluse sur les sites Web du &#8220; Future Dealer BE &#8221;. Les actualit\u00e9s, informations financi\u00e8res, donn\u00e9es et informations pr\u00e9sentes sur les serveurs du \u00ab Future Dealer BE \u00bb ont \u00e9t\u00e9 compil\u00e9es par le personnel du \u00ab Future Dealer BE \u00bb \u00e0 partir de diverses sources et sont susceptibles d&#8217;\u00eatre modifi\u00e9es sans pr\u00e9avis \u00e0 l&#8217;utilisateur. Future Dealer BE ne donne aucune garantie ou repr\u00e9sentation concernant la qualit\u00e9, le contenu, l&#8217;exhaustivit\u00e9, l&#8217;ad\u00e9quation, l&#8217;exactitude, la pertinence, la s\u00e9quence ou l&#8217;occasion du contenu de ce site Web.<\/p>\n\t\t\n<style>\n#text-3856767089 {\n  text-align: left;\n}\n<\/style>\n\t<\/div>\n\t\n\t<div id=\"text-3374570291\" class=\"text\">\n\t\t\n\n<h4>Liens vers des sites Web tiers<\/h4>\n\t\t\n<style>\n#text-3374570291 {\n  text-align: left;\n}\n<\/style>\n\t<\/div>\n\t\n\t<div id=\"text-1475495236\" class=\"text\">\n\t\t\n\n<p>Les sites Web des futurs concessionnaires peuvent maintenant ou \u00e0 l&#8217;avenir contenir des liens vers des sites Web exploit\u00e9s par des tiers. Future Dealer BE n&#8217;est pas responsable de toute information, communication ou mat\u00e9riel sur ces sites Web, ou sur les sites Web mentionn\u00e9s dans les liens eux-m\u00eames. &#8220; Future Dealer BE &#8221; n&#8217;a pas l&#8217;intention d&#8217;utiliser des liens vers les sites Web de tiers pour exprimer une recommandation ou une approbation des liens ou des produits et \/ ou services promus par ces liens et fournit ces liens dans le seul but de fournir ces liens. Facilit\u00e9 d&#8217;utilisation de l&#8217;Utilisateur. Chaque site Web tiers a ses propres r\u00e8gles concernant l&#8217;ad\u00e9quation des informations \u00e0 la consultation publique. L&#8217;utilisateur est enti\u00e8rement responsable de l&#8217;utilisation de tous les liens et r\u00e9f\u00e9rences fournis par des tiers. .<\/p>\n\t\t\n<style>\n#text-1475495236 {\n  text-align: left;\n}\n<\/style>\n\t<\/div>\n\t\n\t<div id=\"text-2012573768\" class=\"text\">\n\t\t\n\n<h4>Propri\u00e9t\u00e9 intellectuelle<\/h4>\n\t\t\n<style>\n#text-2012573768 {\n  text-align: left;\n}\n<\/style>\n\t<\/div>\n\t\n\t<div id=\"text-531178329\" class=\"text\">\n\t\t\n\n<p>L&#8217;Utilisateur confirme que ce site Web \u00abFuture Dealer BE\u00bb contient une propri\u00e9t\u00e9 intellectuelle prot\u00e9g\u00e9e par les lois sur les marques, les secrets commerciaux et \/ ou les droits d&#8217;auteur. L&#8217;utilisateur s&#8217;engage \u00e0 ne pas utiliser, reproduire, copier et distribuer une partie de ce site Web et son contenu, ni l&#8217;utiliser comme base pour des travaux d\u00e9riv\u00e9s, ou prendre toute autre mesure qui pourrait affecter les droits de propri\u00e9t\u00e9 intellectuelle de &#8216;Future Dealer BE&#8216;.<\/p>\n\t\t\n<style>\n#text-531178329 {\n  text-align: left;\n}\n<\/style>\n\t<\/div>\n\t\n\t<div id=\"text-1156472205\" class=\"text\">\n\t\t\n\n<h4>Hypoth\u00e8se de risque<\/h4>\n\t\t\n<style>\n#text-1156472205 {\n  text-align: left;\n}\n<\/style>\n\t<\/div>\n\t\n\t<div id=\"text-1485078826\" class=\"text\">\n\t\t\n\n<p>En utilisant la page Web \u00ab Future Dealer BE\u00bb pour n\u2019importe quel but, l&#8217;utilisateur assume tous les risques associ\u00e9s \u00e0 l&#8217;utilisation de ce site Web et de ses pages individuelles. Ce risque comprend, mais sans s&#8217;y limiter, tout risque que l&#8217;ordinateur, le logiciel ou les donn\u00e9es de l&#8217;Utilisateur soient endommag\u00e9s par un virus, un logiciel ou un autre fichier pouvant \u00eatre transf\u00e9r\u00e9 ou activ\u00e9 via un site Web &#8220; Future Dealer BE &#8221; ou par sa consultation par l&#8217;utilisateur. En aucun cas, le &#8220; futur revendeur &#8221; ne pourra \u00eatre tenu responsable de tout dommage direct, indirect, sp\u00e9cial, accidentel, r\u00e9sultant ou punitif, y compris, mais sans s&#8217;y limiter, la perte de profit ou de revenu, d\u00e9coulant de ou li\u00e9 de quelque mani\u00e8re que ce soit \u00e0 l&#8217;utilisation ou utilisation abusive de ce site Web, ou par toute information, manque d&#8217;informations, de documents, de logiciels, de services ou de tout autre mat\u00e9riel obtenu via un site Web \u00ab Future Dealer BE \u00bb. L&#8217;utilisateur accepte \u00e9galement tout risque d\u00e9coulant de l&#8217;utilisation de ce site Web, qu&#8217;il soit bas\u00e9 sur un accord, un d\u00e9lit, une responsabilit\u00e9 civile ou autre, m\u00eame dans le cas o\u00f9 &#8220; Future Dealer BE &#8221; et \/ ou l&#8217;un de ses employ\u00e9s, affili\u00e9s ou agents ont \u00e9t\u00e9 mis au courant de la possibilit\u00e9 de dommages. Future Dealer BE n&#8217;est pas responsable de toute perte ou blessure caus\u00e9e en tout ou en partie par ses actes, omissions ou circonstances ind\u00e9pendantes de sa volont\u00e9, y compris la fourniture, la compilation, l&#8217;affichage ou la livraison des informations, ou r\u00e9sultant d&#8217;erreurs, d&#8217;omissions ou d&#8217;inexactitudes dans les informations quelle qu&#8217;en soit la cause, ou r\u00e9sultant d&#8217;une d\u00e9cision ou d&#8217;une action prise ou non effectu\u00e9e par l&#8217;Utilisateur en s&#8217;appuyant sur les informations fournies ou sur le manque d&#8217;informations.<\/p>\n\t\t\n<style>\n#text-1485078826 {\n  text-align: left;\n}\n<\/style>\n\t<\/div>\n\t\n\t<div id=\"text-478755830\" class=\"text\">\n\t\t\n\n<h4>Utilisations interdites<\/h4>\n\t\t\n<style>\n#text-478755830 {\n  text-align: left;\n}\n<\/style>\n\t<\/div>\n\t\n\t<div id=\"text-3315485218\" class=\"text\">\n\t\t\n\n<p>EN AUCUNE CIRCONSTANCE, L&#8217;UTILISATEUR NE DOIT ACC\u00c9DER OU TENTER D&#8217;ACC\u00c9DER AU SYST\u00c8ME INFORMATIQUE, AU R\u00c9SEAU INFORMATIQUE OU \u00c0 TOUTE PARTIE DE CEUX-CI DU &#8220; Future Dealer BE &#8221;, DANS LE BUT D&#8217;EX\u00c9CUTER TOUTE OP\u00c9RATION FRAUDULEUSE, VOL, VOL OU ILS OU VIOLENT LA LOI F\u00c9D\u00c9RALE.<\/p>\n<p>En cas d&#8217;utilisation abusive du site Web ou d&#8217;utilisation non autoris\u00e9e ou interdite par l&#8217;utilisateur, &#8216;Future Dealer BE&#8216; se r\u00e9serve le droit, \u00e0 sa seule discr\u00e9tion, de refuser \u00e0 l&#8217;utilisateur l&#8217;utilisation du site Web ou d&#8217;interdire \u00e0 l&#8217;utilisateur d&#8217;acc\u00e9der \u00e0 ce site Web dans le futur \u00e0 consulter.<\/p>\n\t\t\n<style>\n#text-3315485218 {\n  text-align: left;\n}\n<\/style>\n\t<\/div>\n\t\n\t<div id=\"text-1449315778\" class=\"text\">\n\t\t\n\n<h4>Utilisation des m\u00e9dias interactifs<\/h4>\n\t\t\n<style>\n#text-1449315778 {\n  text-align: left;\n}\n<\/style>\n\t<\/div>\n\t\n\t<div id=\"text-1509242201\" class=\"text\">\n\t\t\n\n<p>Dans la mesure o\u00f9 ce site Web contient ou peut contenir des liens de courrier \u00e9lectronique, des tableaux d&#8217;affichage, des forums de discussion, des forums de discussion ou d&#8217;autres messages ou moyens de communication relatifs au &#8220; futur concessionnaire &#8221; et \/ ou \u00e0 d&#8217;autres utilisateurs, l&#8217;utilisateur accepte d&#8217;utiliser ces forums pour auxquelles ils sont destin\u00e9s. En aucun cas, l&#8217;utilisateur ne doit enfreindre la loi en utilisant ces forums \u00e0 des fins telles que, mais sans s&#8217;y limiter, diffamer ou harceler autrui, enfreindre les droits de propri\u00e9t\u00e9 intellectuelle de &#8216;Future Dealer BE&#8216; ou de tout tiers, publier ou transmettre des informations obsc\u00e8nes ou offensantes. Mat\u00e9riel et l&#8217;envoi de virus, fichiers mutil\u00e9s ou autres programmes qui pourraient endommager ou alt\u00e9rer ce site Web ou les ordinateurs de \u00ab Future Dealer BE \u00bb ou d&#8217;un tiers. Future Dealer BE se r\u00e9serve le droit de supprimer tout contenu de ce site Web pour quelque raison que ce soit. L&#8217;utilisateur reconna\u00eet que le mat\u00e9riel publi\u00e9 sur le site Web par quiconque autre que le \u00ab futur concessionnaire \u00bb ou ses affili\u00e9s n&#8217;est pas approuv\u00e9 par le \u00ab futur concessionnaire \u00bb et que ces communications ne doivent pas \u00eatre consid\u00e9r\u00e9es comme inspect\u00e9es ou approuv\u00e9es par le \u00ab futur concessionnaire \u00bb.<\/p>\n\t\t\n<style>\n#text-1509242201 {\n  text-align: left;\n}\n<\/style>\n\t<\/div>\n\t\n\t<div id=\"text-3319709367\" class=\"text\">\n\t\t\n\n<h4>Compensation<\/h4>\n\t\t\n<style>\n#text-3319709367 {\n  text-align: left;\n}\n<\/style>\n\t<\/div>\n\t\n\t<div id=\"text-3275218138\" class=\"text\">\n\t\t\n\n<p>L&#8217;utilisateur accepte d&#8217;indemniser Future Dealer BE, ses dirigeants, agents, employ\u00e9s et autres membres du personnel sous son contr\u00f4le pour toutes les responsabilit\u00e9s, co\u00fbts, honoraires d&#8217;avocats et dommages d\u00e9coulant de ou en relation avec l&#8217;utilisation de ce site Web de quelque mani\u00e8re que ce soit, y compris les r\u00e9clamations all\u00e9guant des faits. Cela, s&#8217;il est vrai, constituerait une violation par l&#8217;utilisateur de ces termes et conditions.<\/p>\n\t\t\n<style>\n#text-3275218138 {\n  text-align: left;\n}\n<\/style>\n\t<\/div>\n\t\n\t<div id=\"text-3638765238\" class=\"text\">\n\t\t\n\n<h4>Aucune relation contractuelle<\/h4>\n\t\t\n<style>\n#text-3638765238 {\n  text-align: left;\n}\n<\/style>\n\t<\/div>\n\t\n\t<div id=\"text-2612024740\" class=\"text\">\n\t\t\n\n<p>L&#8217;utilisateur reconna\u00eet que l&#8217;utilisation de ce site Web ne cr\u00e9e aucune relation, y compris, mais sans s&#8217;y limiter, un partenariat, une coentreprise, un emploi, une relation contractuelle ou d&#8217;agence, entre l&#8217;utilisateur et le &#8220; futur concessionnaire &#8221; ou l&#8217;un des d\u00e9partements ou employ\u00e9s du &#8220; futur concessionnaire &#8221;.<\/p>\n\t\t\n<style>\n#text-2612024740 {\n  text-align: left;\n}\n<\/style>\n\t<\/div>\n\t\n\t<div id=\"text-3068780129\" class=\"text\">\n\t\t\n\n<h4>Judiciaire<\/h4>\n\t\t\n<style>\n#text-3068780129 {\n  text-align: left;\n}\n<\/style>\n\t<\/div>\n\t\n\t<div id=\"text-4035822365\" class=\"text\">\n\t\t\n\n<p>Cet accord sera \u00e9valu\u00e9 selon les lois de l&#8217;\u00c9tat belge. L&#8217;Utilisateur accepte l&#8217;exclusivit\u00e9 de la jurisprudence et de la juridiction de la Belgique, pour tous les litiges d\u00e9coulant de ou en relation avec l&#8217;utilisation de ce site. L&#8217;utilisation de ce site Web n&#8217;est autoris\u00e9e dans aucune jurisprudence qui ne met pas en \u0153uvre toutes les dispositions des pr\u00e9sentes conditions g\u00e9n\u00e9rales. L&#8217;utilisateur renonce irr\u00e9vocablement \u00e0 toute objection qu&#8217;il pourrait avoir concernant l&#8217;emplacement de toute poursuite, poursuite ou r\u00e9clamation d\u00e9coulant de ou en relation avec le pr\u00e9sent accord intent\u00e9e devant un tel tribunal et renonce irr\u00e9vocablement \u00e0 toute r\u00e9clamation selon laquelle une telle action, poursuite ou r\u00e9clamation serait intent\u00e9e dans un forum inappropri\u00e9. Et renonce en outre irr\u00e9vocablement au droit d&#8217;opposition, \u00e0 l&#8217;\u00e9gard de toute r\u00e9clamation, poursuite, poursuite ou action intent\u00e9e devant un tel tribunal, que ce tribunal n&#8217;a pas comp\u00e9tence sur l&#8217;utilisateur.<\/p>\n\t\t\n<style>\n#text-4035822365 {\n  text-align: left;\n}\n<\/style>\n\t<\/div>\n\t\n\t<div id=\"text-361607553\" class=\"text\">\n\t\t\n\n<h4>Lois applicables<\/h4>\n\t\t\n<style>\n#text-361607553 {\n  text-align: left;\n}\n<\/style>\n\t<\/div>\n\t\n\t<div id=\"text-978977731\" class=\"text\">\n\t\t\n\n<p>La performance du futur concessionnaire du pr\u00e9sent contrat est soumise aux lois et processus existants et rien dans le pr\u00e9sent contrat n&#8217;affectera le droit du \u00ab futur concessionnaire \u00bb de se conformer aux demandes d&#8217;application de la loi ou aux exigences li\u00e9es \u00e0 l&#8217;utilisation du pr\u00e9sent contrat. Site Web par toute partie ou information fournie \u00e0 ou collect\u00e9es par le \u00ab futur revendeur \u00bb concernant une telle utilisation.<\/p>\n\t\t\n<style>\n#text-978977731 {\n  text-align: left;\n}\n<\/style>\n\t<\/div>\n\t\n\t<div id=\"text-2904239004\" class=\"text\">\n\t\t\n\n<h4>Survie<\/h4>\n\t\t\n<style>\n#text-2904239004 {\n  text-align: left;\n}\n<\/style>\n\t<\/div>\n\t\n\t<div id=\"text-3442569715\" class=\"text\">\n\t\t\n\n<p>Si une partie de cet accord est jug\u00e9e invalide ou inapplicable en vertu de la loi applicable, la disposition invalide ou inapplicable sera r\u00e9put\u00e9e remplac\u00e9e par une disposition valide et ex\u00e9cutoire \u00e9troitement conforme \u00e0 l&#8217;intention de la disposition originale et le reste de l&#8217;accord restera en vigueur.<\/p>\n\t\t\n<style>\n#text-3442569715 {\n  text-align: left;\n}\n<\/style>\n\t<\/div>\n\t\n\t<div id=\"text-3178185231\" class=\"text\">\n\t\t\n\n<h4>Accord complet<\/h4>\n\t\t\n<style>\n#text-3178185231 {\n  text-align: left;\n}\n<\/style>\n\t<\/div>\n\t\n\t<div id=\"text-4079866542\" class=\"text\">\n\t\t\n\n<p>Cet accord constitue l&#8217;int\u00e9gralit\u00e9 de l&#8217;accord entre l&#8217;utilisateur et le \u00ab futur revendeur \u00bb concernant ce site Web. Cet accord remplace toutes les communications ant\u00e9rieures ou contemporaines par tout moyen de communication entre l&#8217;utilisateur et le \u00ab futur concessionnaire \u00bb en relation avec ce site Web.<\/p>\n\t\t\n<style>\n#text-4079866542 {\n  text-align: left;\n}\n<\/style>\n\t<\/div>\n\t\n\n\t\t<\/div>\n\t\t\t\t\t<\/div>\n\n\t\n\n<\/div>\n\n\t\t<\/div>\n\n\t\t\n<style>\n#section_424815567 {\n  padding-top: 30px;\n  padding-bottom: 30px;\n}\n#section_424815567 .ux-shape-divider--top svg {\n  height: 150px;\n  --divider-top-width: 100%;\n}\n#section_424815567 .ux-shape-divider--bottom svg {\n  height: 150px;\n  --divider-width: 100%;\n}\n<\/style>\n\t<\/section>\n\t\n","protected":false},"excerpt":{"rendered":"","protected":false},"author":3,"featured_media":0,"parent":0,"menu_order":0,"comment_status":"closed","ping_status":"closed","template":"","meta":{"_acf_changed":false,"_monsterinsights_skip_tracking":false,"_monsterinsights_sitenote_active":false,"_monsterinsights_sitenote_note":"","_monsterinsights_sitenote_category":0,"footnotes":""},"class_list":["post-4233","page","type-page","status-publish","hentry"],"acf":[],"yoast_head":"<!-- This site is optimized with the Yoast SEO plugin v22.2 - https:\/\/yoast.com\/wordpress\/plugins\/seo\/ -->\n<title>Informations l\u00e9gales - Future Dealer BE<\/title>\n<meta name=\"robots\" content=\"noindex, follow, max-snippet:-1, max-image-preview:large, max-video-preview:-1\" \/>\n<meta property=\"og:locale\" content=\"fr_FR\" \/>\n<meta property=\"og:type\" content=\"article\" \/>\n<meta property=\"og:title\" content=\"Informations l\u00e9gales - Future Dealer BE\" \/>\n<meta property=\"og:url\" content=\"https:\/\/www.futuredealer.be\/fr\/informations-legales\/\" \/>\n<meta property=\"og:site_name\" content=\"Future Dealer BE\" \/>\n<meta property=\"article:modified_time\" content=\"2022-12-29T09:35:50+00:00\" \/>\n<meta name=\"twitter:card\" content=\"summary_large_image\" \/>\n<meta name=\"twitter:label1\" content=\"Dur\u00e9e de lecture est.\" \/>\n\t<meta name=\"twitter:data1\" content=\"8 minutes\" \/>\n<script type=\"application\/ld+json\" class=\"yoast-schema-graph\">{\"@context\":\"https:\/\/schema.org\",\"@graph\":[{\"@type\":\"WebPage\",\"@id\":\"https:\/\/www.futuredealer.be\/fr\/informations-legales\/\",\"url\":\"https:\/\/www.futuredealer.be\/fr\/informations-legales\/\",\"name\":\"Informations l\u00e9gales - Future Dealer BE\",\"isPartOf\":{\"@id\":\"https:\/\/www.futuredealer.be\/fr\/#website\"},\"datePublished\":\"2022-05-25T10:05:00+00:00\",\"dateModified\":\"2022-12-29T09:35:50+00:00\",\"breadcrumb\":{\"@id\":\"https:\/\/www.futuredealer.be\/fr\/informations-legales\/#breadcrumb\"},\"inLanguage\":\"fr-BE\",\"potentialAction\":[{\"@type\":\"ReadAction\",\"target\":[\"https:\/\/www.futuredealer.be\/fr\/informations-legales\/\"]}]},{\"@type\":\"BreadcrumbList\",\"@id\":\"https:\/\/www.futuredealer.be\/fr\/informations-legales\/#breadcrumb\",\"itemListElement\":[{\"@type\":\"ListItem\",\"position\":1,\"name\":\"Home\",\"item\":\"https:\/\/www.futuredealer.be\/fr\/\"},{\"@type\":\"ListItem\",\"position\":2,\"name\":\"Informations l\u00e9gales\"}]},{\"@type\":\"WebSite\",\"@id\":\"https:\/\/www.futuredealer.be\/fr\/#website\",\"url\":\"https:\/\/www.futuredealer.be\/fr\/\",\"name\":\"Future Dealer BE\",\"description\":\"\",\"potentialAction\":[{\"@type\":\"SearchAction\",\"target\":{\"@type\":\"EntryPoint\",\"urlTemplate\":\"https:\/\/www.futuredealer.be\/fr\/?s={search_term_string}\"},\"query-input\":\"required name=search_term_string\"}],\"inLanguage\":\"fr-BE\"}]}<\/script>\n<!-- \/ Yoast SEO plugin. -->","yoast_head_json":{"title":"Informations l\u00e9gales - Future Dealer BE","robots":{"index":"noindex","follow":"follow","max-snippet":"max-snippet:-1","max-image-preview":"max-image-preview:large","max-video-preview":"max-video-preview:-1"},"og_locale":"fr_FR","og_type":"article","og_title":"Informations l\u00e9gales - Future Dealer BE","og_url":"https:\/\/www.futuredealer.be\/fr\/informations-legales\/","og_site_name":"Future Dealer BE","article_modified_time":"2022-12-29T09:35:50+00:00","twitter_card":"summary_large_image","twitter_misc":{"Dur\u00e9e de lecture est.":"8 minutes"},"schema":{"@context":"https:\/\/schema.org","@graph":[{"@type":"WebPage","@id":"https:\/\/www.futuredealer.be\/fr\/informations-legales\/","url":"https:\/\/www.futuredealer.be\/fr\/informations-legales\/","name":"Informations l\u00e9gales - Future Dealer BE","isPartOf":{"@id":"https:\/\/www.futuredealer.be\/fr\/#website"},"datePublished":"2022-05-25T10:05:00+00:00","dateModified":"2022-12-29T09:35:50+00:00","breadcrumb":{"@id":"https:\/\/www.futuredealer.be\/fr\/informations-legales\/#breadcrumb"},"inLanguage":"fr-BE","potentialAction":[{"@type":"ReadAction","target":["https:\/\/www.futuredealer.be\/fr\/informations-legales\/"]}]},{"@type":"BreadcrumbList","@id":"https:\/\/www.futuredealer.be\/fr\/informations-legales\/#breadcrumb","itemListElement":[{"@type":"ListItem","position":1,"name":"Home","item":"https:\/\/www.futuredealer.be\/fr\/"},{"@type":"ListItem","position":2,"name":"Informations l\u00e9gales"}]},{"@type":"WebSite","@id":"https:\/\/www.futuredealer.be\/fr\/#website","url":"https:\/\/www.futuredealer.be\/fr\/","name":"Future Dealer BE","description":"","potentialAction":[{"@type":"SearchAction","target":{"@type":"EntryPoint","urlTemplate":"https:\/\/www.futuredealer.be\/fr\/?s={search_term_string}"},"query-input":"required name=search_term_string"}],"inLanguage":"fr-BE"}]}},"_links":{"self":[{"href":"https:\/\/www.futuredealer.be\/fr\/wp-json\/wp\/v2\/pages\/4233","targetHints":{"allow":["GET"]}}],"collection":[{"href":"https:\/\/www.futuredealer.be\/fr\/wp-json\/wp\/v2\/pages"}],"about":[{"href":"https:\/\/www.futuredealer.be\/fr\/wp-json\/wp\/v2\/types\/page"}],"author":[{"embeddable":true,"href":"https:\/\/www.futuredealer.be\/fr\/wp-json\/wp\/v2\/users\/3"}],"replies":[{"embeddable":true,"href":"https:\/\/www.futuredealer.be\/fr\/wp-json\/wp\/v2\/comments?post=4233"}],"version-history":[{"count":5,"href":"https:\/\/www.futuredealer.be\/fr\/wp-json\/wp\/v2\/pages\/4233\/revisions"}],"predecessor-version":[{"id":5552,"href":"https:\/\/www.futuredealer.be\/fr\/wp-json\/wp\/v2\/pages\/4233\/revisions\/5552"}],"wp:attachment":[{"href":"https:\/\/www.futuredealer.be\/fr\/wp-json\/wp\/v2\/media?parent=4233"}],"curies":[{"name":"wp","href":"https:\/\/api.w.org\/{rel}","templated":true}]}}