{"id":1246,"date":"2021-09-29T12:29:57","date_gmt":"2021-09-29T12:29:57","guid":{"rendered":"https:\/\/www.futuredealer.be\/auto-kopen\/"},"modified":"2022-10-24T09:58:04","modified_gmt":"2022-10-24T07:58:04","slug":"acheter-une-voiture","status":"publish","type":"page","link":"https:\/\/www.futuredealer.be\/fr\/acheter-une-voiture\/","title":{"rendered":"Acheter"},"content":{"rendered":"\n<div class=\"row row-small\"  id=\"row-467426169\">\n\n\n\t<div id=\"col-1512921920\" class=\"col filter-sidebar medium-3 small-12 large-3\"  >\n\t\t\t\t<div class=\"col-inner\"  >\n\t\t\t\n\t\t\t\n\n<p>\t<div id=\"search-general\" class=\"api-plugin\" data-function-code=af981b03-483c-433f-b09e-ebf425a0c43c> <\/div><\/p>\n\n\n\t\t<\/div>\n\t\t\t\t\t<\/div>\n\n\t\n\n\t<div id=\"col-1619049667\" class=\"col medium-9 small-12 large-9\"  >\n\t\t\t\t<div class=\"col-inner\"  >\n\t\t\t\n\t\t\t\n\n\n\n\t<div id=\"stock-general\" class=\"api-plugin\" data-function-code=8de26176-b3b5-447e-b152-1a2d3b6b336e> <\/div>\n\n<p>\t<div id=\"stock-general\" class=\"api-plugin\" data-function-code=8de26176-b3b5-447e-b152-1a2d3b6b336e> <\/div><\/p>\n\n\n\t\t<\/div>\n\t\t\t\t\t<\/div>\n\n\t\n\n<\/div>\n\t<section class=\"section dark\" id=\"section_360630846\">\n\t\t<div class=\"bg section-bg fill bg-fill  bg-loaded\" >\n\n\t\t\t\n\t\t\t\n\t\t\t\n\n\t\t<\/div>\n\n\t\t\n\n\t\t<div class=\"section-content relative\">\n\t\t\t\n\n<div class=\"row align-middle\"  id=\"row-628072534\">\n\n\n\t<div id=\"col-604497279\" class=\"col medium-2 small-12 large-2\"  >\n\t\t\t\t<div class=\"col-inner\"  >\n\t\t\t\n\t\t\t\n\n\t<div class=\"img has-hover border-radius-100 x md-x lg-x y md-y lg-y\" id=\"image_1994616361\">\n\t\t\t\t\t\t\t\t<div class=\"img-inner dark\" >\n\t\t\t<img loading=\"lazy\" decoding=\"async\" width=\"176\" height=\"176\" src=\"https:\/\/www.futuredealer.be\/wp-content\/uploads\/2022\/04\/car-agent.png\" class=\"attachment-large size-large\" alt=\"\" srcset=\"https:\/\/www.futuredealer.be\/wp-content\/uploads\/2022\/04\/car-agent.png 176w, https:\/\/www.futuredealer.be\/wp-content\/uploads\/2022\/04\/car-agent-150x150.png 150w\" sizes=\"auto, (max-width: 176px) 100vw, 176px\" \/>\t\t\t\t\t\t\n\t\t\t\t\t<\/div>\n\t\t\t\t\t\t\t\t\n<style>\n#image_1994616361 {\n  width: 100%;\n}\n<\/style>\n\t<\/div>\n\t\n\n\n\t\t<\/div>\n\t\t\t\t\t<\/div>\n\n\t\n\n\t<div id=\"col-1764627613\" class=\"col medium-10 small-12 large-10\"  >\n\t\t\t\t<div class=\"col-inner\"  >\n\t\t\t\n\t\t\t\n\n<h2>Vous n'avez pas trouv\u00e9 ce que vous cherchiez? Nous cherchons pour vous!<\/h2>\n<p>Faites-nous part de vos souhaits \u00e0 notre Car Agent. Nous recherchons ensuite sur notre r\u00e9seau le v\u00e9hicule qui vous correspond le mieux.<\/p>\n<a href=\"https:\/\/www.futuredealer.be\/fr\/car-agent\/\" target=\"_self\" class=\"button success mr-0\"  style=\"border-radius:99px;\">\n    <span>UTILISEZ LE CAR AGENT<\/span>\n  <\/a>\n\n\n\n\t\t<\/div>\n\t\t\t\t\t<\/div>\n\n\t\n\n\n<style>\n#row-628072534 > .col > .col-inner {\n  padding: 15px 0px 0px 0px;\n}\n<\/style>\n<\/div>\n\n\t\t<\/div>\n\n\t\t\n<style>\n#section_360630846 {\n  padding-top: 30px;\n  padding-bottom: 30px;\n  background-color: rgb(34, 42, 51);\n}\n#section_360630846 .ux-shape-divider--top svg {\n  height: 150px;\n  --divider-top-width: 100%;\n}\n#section_360630846 .ux-shape-divider--bottom svg {\n  height: 150px;\n  --divider-width: 100%;\n}\n<\/style>\n\t<\/section>\n\t\n\n<div class=\"legalTextContainer\" id=\"legalTextContainer\">\n<div class=\"container\">\n<p class=\"legalText\">\nAttention, emprunter de l'argent co\u00fbte aussi de l'argent.<\/p>\n<div class=\"hideLegalText\" onclick=\"document.getElementById('legalTextContainer').style.display='none';\">OK\n<\/div>\n<\/div>\n<\/div>\n\n\n","protected":false},"excerpt":{"rendered":"","protected":false},"author":4,"featured_media":0,"parent":0,"menu_order":0,"comment_status":"closed","ping_status":"closed","template":"","meta":{"_acf_changed":false,"_monsterinsights_skip_tracking":false,"_monsterinsights_sitenote_active":false,"_monsterinsights_sitenote_note":"","_monsterinsights_sitenote_category":0,"footnotes":""},"class_list":["post-1246","page","type-page","status-publish","hentry"],"acf":[],"yoast_head":"<!-- This site is optimized with the Yoast SEO plugin v22.2 - https:\/\/yoast.com\/wordpress\/plugins\/seo\/ -->\n<title>Acheter - Future Dealer BE<\/title>\n<meta name=\"robots\" content=\"noindex, follow, max-snippet:-1, max-image-preview:large, max-video-preview:-1\" \/>\n<meta property=\"og:locale\" content=\"fr_FR\" \/>\n<meta property=\"og:type\" content=\"article\" \/>\n<meta property=\"og:title\" content=\"Acheter - Future Dealer BE\" \/>\n<meta property=\"og:url\" content=\"https:\/\/www.futuredealer.be\/fr\/acheter-une-voiture\/\" \/>\n<meta property=\"og:site_name\" content=\"Future Dealer BE\" \/>\n<meta property=\"article:modified_time\" content=\"2022-10-24T07:58:04+00:00\" \/>\n<meta name=\"twitter:card\" content=\"summary_large_image\" \/>\n<meta name=\"twitter:label1\" content=\"Dur\u00e9e de lecture est.\" \/>\n\t<meta name=\"twitter:data1\" content=\"1 minute\" \/>\n<script type=\"application\/ld+json\" class=\"yoast-schema-graph\">{\"@context\":\"https:\/\/schema.org\",\"@graph\":[{\"@type\":\"WebPage\",\"@id\":\"https:\/\/www.futuredealer.be\/fr\/acheter-une-voiture\/\",\"url\":\"https:\/\/www.futuredealer.be\/fr\/acheter-une-voiture\/\",\"name\":\"Acheter - Future Dealer BE\",\"isPartOf\":{\"@id\":\"https:\/\/www.futuredealer.be\/fr\/#website\"},\"datePublished\":\"2021-09-29T12:29:57+00:00\",\"dateModified\":\"2022-10-24T07:58:04+00:00\",\"breadcrumb\":{\"@id\":\"https:\/\/www.futuredealer.be\/fr\/acheter-une-voiture\/#breadcrumb\"},\"inLanguage\":\"fr-BE\",\"potentialAction\":[{\"@type\":\"ReadAction\",\"target\":[\"https:\/\/www.futuredealer.be\/fr\/acheter-une-voiture\/\"]}]},{\"@type\":\"BreadcrumbList\",\"@id\":\"https:\/\/www.futuredealer.be\/fr\/acheter-une-voiture\/#breadcrumb\",\"itemListElement\":[{\"@type\":\"ListItem\",\"position\":1,\"name\":\"Home\",\"item\":\"https:\/\/www.futuredealer.be\/fr\/\"},{\"@type\":\"ListItem\",\"position\":2,\"name\":\"Acheter\"}]},{\"@type\":\"WebSite\",\"@id\":\"https:\/\/www.futuredealer.be\/fr\/#website\",\"url\":\"https:\/\/www.futuredealer.be\/fr\/\",\"name\":\"Future Dealer BE\",\"description\":\"\",\"potentialAction\":[{\"@type\":\"SearchAction\",\"target\":{\"@type\":\"EntryPoint\",\"urlTemplate\":\"https:\/\/www.futuredealer.be\/fr\/?s={search_term_string}\"},\"query-input\":\"required name=search_term_string\"}],\"inLanguage\":\"fr-BE\"}]}<\/script>\n<!-- \/ Yoast SEO plugin. -->","yoast_head_json":{"title":"Acheter - Future Dealer BE","robots":{"index":"noindex","follow":"follow","max-snippet":"max-snippet:-1","max-image-preview":"max-image-preview:large","max-video-preview":"max-video-preview:-1"},"og_locale":"fr_FR","og_type":"article","og_title":"Acheter - Future Dealer BE","og_url":"https:\/\/www.futuredealer.be\/fr\/acheter-une-voiture\/","og_site_name":"Future Dealer BE","article_modified_time":"2022-10-24T07:58:04+00:00","twitter_card":"summary_large_image","twitter_misc":{"Dur\u00e9e de lecture est.":"1 minute"},"schema":{"@context":"https:\/\/schema.org","@graph":[{"@type":"WebPage","@id":"https:\/\/www.futuredealer.be\/fr\/acheter-une-voiture\/","url":"https:\/\/www.futuredealer.be\/fr\/acheter-une-voiture\/","name":"Acheter - Future Dealer BE","isPartOf":{"@id":"https:\/\/www.futuredealer.be\/fr\/#website"},"datePublished":"2021-09-29T12:29:57+00:00","dateModified":"2022-10-24T07:58:04+00:00","breadcrumb":{"@id":"https:\/\/www.futuredealer.be\/fr\/acheter-une-voiture\/#breadcrumb"},"inLanguage":"fr-BE","potentialAction":[{"@type":"ReadAction","target":["https:\/\/www.futuredealer.be\/fr\/acheter-une-voiture\/"]}]},{"@type":"BreadcrumbList","@id":"https:\/\/www.futuredealer.be\/fr\/acheter-une-voiture\/#breadcrumb","itemListElement":[{"@type":"ListItem","position":1,"name":"Home","item":"https:\/\/www.futuredealer.be\/fr\/"},{"@type":"ListItem","position":2,"name":"Acheter"}]},{"@type":"WebSite","@id":"https:\/\/www.futuredealer.be\/fr\/#website","url":"https:\/\/www.futuredealer.be\/fr\/","name":"Future Dealer BE","description":"","potentialAction":[{"@type":"SearchAction","target":{"@type":"EntryPoint","urlTemplate":"https:\/\/www.futuredealer.be\/fr\/?s={search_term_string}"},"query-input":"required name=search_term_string"}],"inLanguage":"fr-BE"}]}},"_links":{"self":[{"href":"https:\/\/www.futuredealer.be\/fr\/wp-json\/wp\/v2\/pages\/1246","targetHints":{"allow":["GET"]}}],"collection":[{"href":"https:\/\/www.futuredealer.be\/fr\/wp-json\/wp\/v2\/pages"}],"about":[{"href":"https:\/\/www.futuredealer.be\/fr\/wp-json\/wp\/v2\/types\/page"}],"author":[{"embeddable":true,"href":"https:\/\/www.futuredealer.be\/fr\/wp-json\/wp\/v2\/users\/4"}],"replies":[{"embeddable":true,"href":"https:\/\/www.futuredealer.be\/fr\/wp-json\/wp\/v2\/comments?post=1246"}],"version-history":[{"count":0,"href":"https:\/\/www.futuredealer.be\/fr\/wp-json\/wp\/v2\/pages\/1246\/revisions"}],"wp:attachment":[{"href":"https:\/\/www.futuredealer.be\/fr\/wp-json\/wp\/v2\/media?parent=1246"}],"curies":[{"name":"wp","href":"https:\/\/api.w.org\/{rel}","templated":true}]}}